{"id":289,"date":"2025-12-11T05:36:47","date_gmt":"2025-12-11T05:36:47","guid":{"rendered":"https:\/\/weld-pol.com.pl\/?page_id=289"},"modified":"2025-12-15T06:16:27","modified_gmt":"2025-12-15T06:16:27","slug":"szkolenia","status":"publish","type":"page","link":"https:\/\/weld-pol.com.pl\/?page_id=289","title":{"rendered":"Szkolenia"},"content":{"rendered":"\t\t<div data-elementor-type=\"wp-page\" data-elementor-id=\"289\" class=\"elementor elementor-289\" data-elementor-post-type=\"page\">\n\t\t\t\t<div class=\"elementor-element elementor-element-7b665c74 e-flex e-con-boxed e-con e-parent\" data-id=\"7b665c74\" data-element_type=\"container\" data-e-type=\"container\" data-settings=\"{&quot;background_background&quot;:&quot;classic&quot;}\">\n\t\t\t\t\t<div class=\"e-con-inner\">\n\t\t\t\t<div class=\"elementor-element elementor-element-75602438 elementor-widget elementor-widget-heading\" data-id=\"75602438\" data-element_type=\"widget\" data-e-type=\"widget\" data-widget_type=\"heading.default\">\n\t\t\t\t<div class=\"elementor-widget-container\">\n\t\t\t\t\t<h2 class=\"elementor-heading-title elementor-size-default\">Szkolenia<\/h2>\t\t\t\t<\/div>\n\t\t\t\t<\/div>\n\t\t\t\t\t<\/div>\n\t\t\t\t<\/div>\n\t\t<div class=\"elementor-element elementor-element-5372c03d e-flex e-con-boxed e-con e-parent\" data-id=\"5372c03d\" data-element_type=\"container\" data-e-type=\"container\">\n\t\t\t\t\t<div class=\"e-con-inner\">\n\t\t\t\t<div class=\"elementor-element elementor-element-3ee3e615 elementor-widget elementor-widget-heading\" data-id=\"3ee3e615\" data-element_type=\"widget\" data-e-type=\"widget\" data-widget_type=\"heading.default\">\n\t\t\t\t<div class=\"elementor-widget-container\">\n\t\t\t\t\t<h2 class=\"elementor-heading-title elementor-size-default\">Akademia Spawania \u2013 Ucz si\u0119 od Praktyk\u00f3w<\/h2>\t\t\t\t<\/div>\n\t\t\t\t<\/div>\n\t\t\t\t<div class=\"elementor-element elementor-element-70c0b878 elementor-widget elementor-widget-text-editor\" data-id=\"70c0b878\" data-element_type=\"widget\" data-e-type=\"widget\" data-widget_type=\"text-editor.default\">\n\t\t\t\t<div class=\"elementor-widget-container\">\n\t\t\t\t\t\t\t\t\t<p data-path-to-node=\"5\">W bran\u017cy spawalniczej teoria to tylko wst\u0119p \u2013 liczy si\u0119 \u201er\u0119ka\u201d i godziny sp\u0119dzone z uchwytem spawalniczym. W naszym centrum szkoleniowym nie uczymy spawania \u201elaboratoryjnego\u201d. Przekazujemy wiedz\u0119 zdobyt\u0105 przez 20 lat pracy na najbardziej wymagaj\u0105cych instalacjach przemys\u0142owych w Europie.<\/p><p data-path-to-node=\"6\">Oferujemy profesjonalne kursy spawalnicze realizowane w warunkach zbli\u017conych do rzeczywistej produkcji. Nasza hala o powierzchni 1800 m\u00b2 to doskona\u0142y poligon do\u015bwiadczalny. Pod okiem certyfikowanych instruktor\u00f3w (z uprawnieniami TUV i wieloletnim sta\u017cem) nauczysz si\u0119 nie tylko techniki \u0142\u0105czenia metali, ale tak\u017ce czytania rysunku technicznego, doboru parametr\u00f3w i pracy zgodnie z rygorystycznymi normami jako\u015bci. Szkolimy zar\u00f3wno osoby indywidualne chc\u0105ce zdoby\u0107 zaw\u00f3d, jak i kadry firm pragn\u0105ce podnie\u015b\u0107 swoje kwalifikacje.<\/p>\t\t\t\t\t\t\t\t<\/div>\n\t\t\t\t<\/div>\n\t\t\t\t\t<\/div>\n\t\t\t\t<\/div>\n\t\t<div class=\"elementor-element elementor-element-b3ca88a e-flex e-con-boxed e-con e-parent\" data-id=\"b3ca88a\" data-element_type=\"container\" data-e-type=\"container\">\n\t\t\t\t\t<div class=\"e-con-inner\">\n\t\t\t\t<div class=\"elementor-element elementor-element-e5b7977 elementor-widget-divider--view-line elementor-widget elementor-widget-divider\" data-id=\"e5b7977\" data-element_type=\"widget\" data-e-type=\"widget\" data-widget_type=\"divider.default\">\n\t\t\t\t<div class=\"elementor-widget-container\">\n\t\t\t\t\t\t\t<div class=\"elementor-divider\">\n\t\t\t<span class=\"elementor-divider-separator\">\n\t\t\t\t\t\t<\/span>\n\t\t<\/div>\n\t\t\t\t\t\t<\/div>\n\t\t\t\t<\/div>\n\t\t\t\t\t<\/div>\n\t\t\t\t<\/div>\n\t\t<div class=\"elementor-element elementor-element-5e6f971 e-flex e-con-boxed e-con e-parent\" data-id=\"5e6f971\" data-element_type=\"container\" data-e-type=\"container\">\n\t\t\t\t\t<div class=\"e-con-inner\">\n\t\t<div class=\"elementor-element elementor-element-8410116 e-con-full e-flex e-con e-child\" data-id=\"8410116\" data-element_type=\"container\" data-e-type=\"container\">\n\t\t\t\t<div class=\"elementor-element elementor-element-5941fe85 elementor-widget elementor-widget-heading\" data-id=\"5941fe85\" data-element_type=\"widget\" data-e-type=\"widget\" data-widget_type=\"heading.default\">\n\t\t\t\t<div class=\"elementor-widget-container\">\n\t\t\t\t\t<h2 class=\"elementor-heading-title elementor-size-default\">Zakres Szkole\u0144<\/h2>\t\t\t\t<\/div>\n\t\t\t\t<\/div>\n\t\t\t\t<div class=\"elementor-element elementor-element-553d9890 elementor-widget elementor-widget-text-editor\" data-id=\"553d9890\" data-element_type=\"widget\" data-e-type=\"widget\" data-widget_type=\"text-editor.default\">\n\t\t\t\t<div class=\"elementor-widget-container\">\n\t\t\t\t\t\t\t\t\t<ul data-path-to-node=\"6\"><li><p data-path-to-node=\"9\">Skupiamy si\u0119 na metodach i materia\u0142ach, w kt\u00f3rych sami jeste\u015bmy ekspertami:<\/p><ul data-path-to-node=\"10\"><li><p data-path-to-node=\"10,0,0\"><b>Metoda TIG (141):<\/b> Specjalizacja w spawaniu ruroci\u0105g\u00f3w i blach ze stali nierdzewnych (grupa materia\u0142owa 8) oraz kwasoodpornych. Nauka spawania w os\u0142onach gazowych, w tym formowanie grani.<\/p><\/li><li><p data-path-to-node=\"10,1,0\"><b>Metody MIG\/MAG (131\/135\/136):<\/b> Spawanie konstrukcji stalowych ze stali czarnej i nierdzewnej, w tym drutami litymi i proszkowymi.<\/p><\/li><li><p data-path-to-node=\"10,2,0\"><b>Przygotowanie do egzamin\u00f3w:<\/b> Kompleksowe szkolenie pod egzaminy wg normy <b>PN-EN ISO 9606-1<\/b> (z mo\u017cliwo\u015bci\u0105 certyfikacji przez jednostki notyfikowane, np. TUV).<\/p><\/li><li><p data-path-to-node=\"10,3,0\"><b>Czytanie rysunku izometrycznego:<\/b> Niezb\u0119dna umiej\u0119tno\u015b\u0107 dla ka\u017cdego spawacza ruroci\u0105g\u00f3w (pipefittera\/weldera).<\/p><\/li><\/ul><\/li><\/ul>\t\t\t\t\t\t\t\t<\/div>\n\t\t\t\t<\/div>\n\t\t\t\t<\/div>\n\t\t<div class=\"elementor-element elementor-element-776c50d3 e-con-full e-flex e-con e-child\" data-id=\"776c50d3\" data-element_type=\"container\" data-e-type=\"container\">\n\t\t\t\t<div class=\"elementor-element elementor-element-6f55257b elementor-widget elementor-widget-image\" data-id=\"6f55257b\" data-element_type=\"widget\" data-e-type=\"widget\" data-widget_type=\"image.default\">\n\t\t\t\t<div class=\"elementor-widget-container\">\n\t\t\t\t\t\t\t\t\t\t\t\t\t\t\t<img fetchpriority=\"high\" decoding=\"async\" width=\"800\" height=\"533\" src=\"https:\/\/weld-pol.com.pl\/wp-content\/uploads\/2025\/12\/welding-6703511_1280-1024x682.jpg\" class=\"attachment-large size-large wp-image-182\" alt=\"\" srcset=\"https:\/\/weld-pol.com.pl\/wp-content\/uploads\/2025\/12\/welding-6703511_1280-1024x682.jpg 1024w, https:\/\/weld-pol.com.pl\/wp-content\/uploads\/2025\/12\/welding-6703511_1280-300x200.jpg 300w, https:\/\/weld-pol.com.pl\/wp-content\/uploads\/2025\/12\/welding-6703511_1280-768x512.jpg 768w, https:\/\/weld-pol.com.pl\/wp-content\/uploads\/2025\/12\/welding-6703511_1280.jpg 1280w\" sizes=\"(max-width: 800px) 100vw, 800px\" \/>\t\t\t\t\t\t\t\t\t\t\t\t\t\t\t<\/div>\n\t\t\t\t<\/div>\n\t\t\t\t<\/div>\n\t\t\t\t\t<\/div>\n\t\t\t\t<\/div>\n\t\t<div class=\"elementor-element elementor-element-5f71b39 e-flex e-con-boxed e-con e-parent\" data-id=\"5f71b39\" data-element_type=\"container\" data-e-type=\"container\">\n\t\t\t\t\t<div class=\"e-con-inner\">\n\t\t\t\t<div class=\"elementor-element elementor-element-22efe57 elementor-widget-divider--view-line elementor-widget elementor-widget-divider\" data-id=\"22efe57\" data-element_type=\"widget\" data-e-type=\"widget\" data-widget_type=\"divider.default\">\n\t\t\t\t<div class=\"elementor-widget-container\">\n\t\t\t\t\t\t\t<div class=\"elementor-divider\">\n\t\t\t<span class=\"elementor-divider-separator\">\n\t\t\t\t\t\t<\/span>\n\t\t<\/div>\n\t\t\t\t\t\t<\/div>\n\t\t\t\t<\/div>\n\t\t\t\t\t<\/div>\n\t\t\t\t<\/div>\n\t\t<div class=\"elementor-element elementor-element-68e3f9d e-flex e-con-boxed e-con e-parent\" data-id=\"68e3f9d\" data-element_type=\"container\" data-e-type=\"container\">\n\t\t\t\t\t<div class=\"e-con-inner\">\n\t\t<div class=\"elementor-element elementor-element-4c5f9d1c e-con-full e-flex e-con e-child\" data-id=\"4c5f9d1c\" data-element_type=\"container\" data-e-type=\"container\">\n\t\t\t\t<div class=\"elementor-element elementor-element-69639e47 elementor-widget elementor-widget-heading\" data-id=\"69639e47\" data-element_type=\"widget\" data-e-type=\"widget\" data-widget_type=\"heading.default\">\n\t\t\t\t<div class=\"elementor-widget-container\">\n\t\t\t\t\t<h2 class=\"elementor-heading-title elementor-size-default\">1<\/h2>\t\t\t\t<\/div>\n\t\t\t\t<\/div>\n\t\t\t\t<\/div>\n\t\t<div class=\"elementor-element elementor-element-52144dc4 e-con-full e-flex e-con e-child\" data-id=\"52144dc4\" data-element_type=\"container\" data-e-type=\"container\">\n\t\t\t\t<div class=\"elementor-element elementor-element-43164ac elementor-widget elementor-widget-text-editor\" data-id=\"43164ac\" data-element_type=\"widget\" data-e-type=\"widget\" data-widget_type=\"text-editor.default\">\n\t\t\t\t<div class=\"elementor-widget-container\">\n\t\t\t\t\t\t\t\t\t<ul data-path-to-node=\"6\"><li><p data-path-to-node=\"6,0,0\"><b>Wiedza z \u201ePlacu Boju\u201d, a nie z Podr\u0119cznika<\/b> \ud83d\udee0\ufe0f Nasi instruktorzy to czynni zawodowo specjali\u015bci, kt\u00f3rzy na co dzie\u0144 realizuj\u0105 projekty dla przemys\u0142u. Uczymy trik\u00f3w i technik, kt\u00f3re sprawdzaj\u0105 si\u0119 w trudnych warunkach monta\u017cowych, a nie tylko na wygodnym stole warsztatowym.<\/p><\/li><\/ul>\t\t\t\t\t\t\t\t<\/div>\n\t\t\t\t<\/div>\n\t\t\t\t<\/div>\n\t\t\t\t\t<\/div>\n\t\t\t\t<\/div>\n\t\t<div class=\"elementor-element elementor-element-e949227 e-flex e-con-boxed e-con e-parent\" data-id=\"e949227\" data-element_type=\"container\" data-e-type=\"container\">\n\t\t\t\t\t<div class=\"e-con-inner\">\n\t\t<div class=\"elementor-element elementor-element-fb36453 e-con-full e-flex e-con e-child\" data-id=\"fb36453\" data-element_type=\"container\" data-e-type=\"container\">\n\t\t\t\t<div class=\"elementor-element elementor-element-5223902 elementor-widget elementor-widget-heading\" data-id=\"5223902\" data-element_type=\"widget\" data-e-type=\"widget\" data-widget_type=\"heading.default\">\n\t\t\t\t<div class=\"elementor-widget-container\">\n\t\t\t\t\t<h2 class=\"elementor-heading-title elementor-size-default\">2<\/h2>\t\t\t\t<\/div>\n\t\t\t\t<\/div>\n\t\t\t\t<\/div>\n\t\t<div class=\"elementor-element elementor-element-39567c4 e-con-full e-flex e-con e-child\" data-id=\"39567c4\" data-element_type=\"container\" data-e-type=\"container\">\n\t\t\t\t<div class=\"elementor-element elementor-element-90b8f65 elementor-widget elementor-widget-text-editor\" data-id=\"90b8f65\" data-element_type=\"widget\" data-e-type=\"widget\" data-widget_type=\"text-editor.default\">\n\t\t\t\t<div class=\"elementor-widget-container\">\n\t\t\t\t\t\t\t\t\t<ul data-path-to-node=\"6\"><li><p data-path-to-node=\"6,0,0\"><b>Dost\u0119p do Nowoczesnego Sprz\u0119tu<\/b> \u26a1 Szkolenia odbywaj\u0105 si\u0119 na wysokiej klasy urz\u0105dzeniach spawalniczych (np. Fronius, Kemppi, Lorch) \u2013 takich samych, jakie spotkasz w profesjonalnych zak\u0142adach produkcyjnych w Polsce i za granic\u0105.<\/p><\/li><\/ul>\t\t\t\t\t\t\t\t<\/div>\n\t\t\t\t<\/div>\n\t\t\t\t<\/div>\n\t\t\t\t\t<\/div>\n\t\t\t\t<\/div>\n\t\t<div class=\"elementor-element elementor-element-3e1886a e-flex e-con-boxed e-con e-parent\" data-id=\"3e1886a\" data-element_type=\"container\" data-e-type=\"container\">\n\t\t\t\t\t<div class=\"e-con-inner\">\n\t\t<div class=\"elementor-element elementor-element-48353d0 e-con-full e-flex e-con e-child\" data-id=\"48353d0\" data-element_type=\"container\" data-e-type=\"container\">\n\t\t\t\t<div class=\"elementor-element elementor-element-af5feb9 elementor-widget elementor-widget-heading\" data-id=\"af5feb9\" data-element_type=\"widget\" data-e-type=\"widget\" data-widget_type=\"heading.default\">\n\t\t\t\t<div class=\"elementor-widget-container\">\n\t\t\t\t\t<h2 class=\"elementor-heading-title elementor-size-default\">3<\/h2>\t\t\t\t<\/div>\n\t\t\t\t<\/div>\n\t\t\t\t<\/div>\n\t\t<div class=\"elementor-element elementor-element-ea392c8 e-con-full e-flex e-con e-child\" data-id=\"ea392c8\" data-element_type=\"container\" data-e-type=\"container\">\n\t\t\t\t<div class=\"elementor-element elementor-element-7097de7 elementor-widget elementor-widget-text-editor\" data-id=\"7097de7\" data-element_type=\"widget\" data-e-type=\"widget\" data-widget_type=\"text-editor.default\">\n\t\t\t\t<div class=\"elementor-widget-container\">\n\t\t\t\t\t\t\t\t\t<ul data-path-to-node=\"6\"><li><p data-path-to-node=\"6,0,0\"><b>Nacisk na Stale Szlachetne<\/b> \ud83d\udc8e Jeste\u015bmy ekspertami od \u201enierdzewki\u201d. U nas nauczysz si\u0119 spawa\u0107 materia\u0142y wymagaj\u0105ce, kwasoodporne i specjalne, co znacznie podnosi Twoj\u0105 warto\u015b\u0107 na rynku pracy w por\u00f3wnaniu do spawaczy znaj\u0105cych tylko stal czarn\u0105.<\/p><\/li><\/ul>\t\t\t\t\t\t\t\t<\/div>\n\t\t\t\t<\/div>\n\t\t\t\t<\/div>\n\t\t\t\t\t<\/div>\n\t\t\t\t<\/div>\n\t\t<div class=\"elementor-element elementor-element-2ff3cd5 e-flex e-con-boxed e-con e-parent\" data-id=\"2ff3cd5\" data-element_type=\"container\" data-e-type=\"container\">\n\t\t\t\t\t<div class=\"e-con-inner\">\n\t\t<div class=\"elementor-element elementor-element-79302fb e-con-full e-flex e-con e-child\" data-id=\"79302fb\" data-element_type=\"container\" data-e-type=\"container\">\n\t\t\t\t<div class=\"elementor-element elementor-element-33820fe elementor-widget elementor-widget-heading\" data-id=\"33820fe\" data-element_type=\"widget\" data-e-type=\"widget\" data-widget_type=\"heading.default\">\n\t\t\t\t<div class=\"elementor-widget-container\">\n\t\t\t\t\t<h2 class=\"elementor-heading-title elementor-size-default\">4<\/h2>\t\t\t\t<\/div>\n\t\t\t\t<\/div>\n\t\t\t\t<\/div>\n\t\t<div class=\"elementor-element elementor-element-a54b25b e-con-full e-flex e-con e-child\" data-id=\"a54b25b\" data-element_type=\"container\" data-e-type=\"container\">\n\t\t\t\t<div class=\"elementor-element elementor-element-7a2e80d elementor-widget elementor-widget-text-editor\" data-id=\"7a2e80d\" data-element_type=\"widget\" data-e-type=\"widget\" data-widget_type=\"text-editor.default\">\n\t\t\t\t<div class=\"elementor-widget-container\">\n\t\t\t\t\t\t\t\t\t<ul data-path-to-node=\"6\"><li><p data-path-to-node=\"6,0,0\"><b>Indywidualne Podej\u015bcie<\/b> \ud83d\udc68\u200d\ud83c\udfeb Stawiamy na ma\u0142e grupy szkoleniowe. Ka\u017cdy kursant ma w\u0142asne stanowisko i po\u015bwi\u0119camy mu 100% uwagi, koryguj\u0105c b\u0142\u0119dy na bie\u017c\u0105co.<\/p><\/li><\/ul>\t\t\t\t\t\t\t\t<\/div>\n\t\t\t\t<\/div>\n\t\t\t\t<\/div>\n\t\t\t\t\t<\/div>\n\t\t\t\t<\/div>\n\t\t<div class=\"elementor-element elementor-element-33d6827 e-flex e-con-boxed e-con e-parent\" data-id=\"33d6827\" data-element_type=\"container\" data-e-type=\"container\">\n\t\t\t\t\t<div class=\"e-con-inner\">\n\t\t<div class=\"elementor-element elementor-element-231e938 e-con-full e-flex e-con e-child\" data-id=\"231e938\" data-element_type=\"container\" data-e-type=\"container\">\n\t\t\t\t<div class=\"elementor-element elementor-element-24d8d8e elementor-widget elementor-widget-heading\" data-id=\"24d8d8e\" data-element_type=\"widget\" data-e-type=\"widget\" data-widget_type=\"heading.default\">\n\t\t\t\t<div class=\"elementor-widget-container\">\n\t\t\t\t\t<h2 class=\"elementor-heading-title elementor-size-default\">5<\/h2>\t\t\t\t<\/div>\n\t\t\t\t<\/div>\n\t\t\t\t<\/div>\n\t\t<div class=\"elementor-element elementor-element-299bdea e-con-full e-flex e-con e-child\" data-id=\"299bdea\" data-element_type=\"container\" data-e-type=\"container\">\n\t\t\t\t<div class=\"elementor-element elementor-element-7c576cd elementor-widget elementor-widget-text-editor\" data-id=\"7c576cd\" data-element_type=\"widget\" data-e-type=\"widget\" data-widget_type=\"text-editor.default\">\n\t\t\t\t<div class=\"elementor-widget-container\">\n\t\t\t\t\t\t\t\t\t<ul data-path-to-node=\"6\"><li><p data-path-to-node=\"6,0,0\"><b>Certyfikat Mi\u0119dzynarodowy<\/b> \ud83c\udf0d Ko\u0144cz\u0105c kurs, masz mo\u017cliwo\u015b\u0107 przyst\u0105pienia do egzaminu i uzyskania Certyfikatu Spawacza (Ksi\u0105\u017ceczki Spawalniczej) honorowanego w ca\u0142ej Unii Europejskiej.<\/p><\/li><\/ul>\t\t\t\t\t\t\t\t<\/div>\n\t\t\t\t<\/div>\n\t\t\t\t<\/div>\n\t\t\t\t\t<\/div>\n\t\t\t\t<\/div>\n\t\t\t\t<\/div>\n\t\t","protected":false},"excerpt":{"rendered":"<p>Szkolenia Akademia Spawania \u2013 Ucz si\u0119 od Praktyk\u00f3w W bran\u017cy spawalniczej teoria to tylko wst\u0119p \u2013 liczy si\u0119 \u201er\u0119ka\u201d i godziny sp\u0119dzone z uchwytem spawalniczym. W naszym centrum szkoleniowym nie uczymy spawania \u201elaboratoryjnego\u201d. Przekazujemy wiedz\u0119 zdobyt\u0105 przez 20 lat pracy na najbardziej wymagaj\u0105cych instalacjach przemys\u0142owych w Europie. Oferujemy profesjonalne kursy spawalnicze realizowane w warunkach zbli\u017conych [&hellip;]<\/p>\n","protected":false},"author":1,"featured_media":0,"parent":0,"menu_order":0,"comment_status":"closed","ping_status":"closed","template":"","meta":{"footnotes":""},"class_list":["post-289","page","type-page","status-publish","hentry"],"_links":{"self":[{"href":"https:\/\/weld-pol.com.pl\/index.php?rest_route=\/wp\/v2\/pages\/289","targetHints":{"allow":["GET"]}}],"collection":[{"href":"https:\/\/weld-pol.com.pl\/index.php?rest_route=\/wp\/v2\/pages"}],"about":[{"href":"https:\/\/weld-pol.com.pl\/index.php?rest_route=\/wp\/v2\/types\/page"}],"author":[{"embeddable":true,"href":"https:\/\/weld-pol.com.pl\/index.php?rest_route=\/wp\/v2\/users\/1"}],"replies":[{"embeddable":true,"href":"https:\/\/weld-pol.com.pl\/index.php?rest_route=%2Fwp%2Fv2%2Fcomments&post=289"}],"version-history":[{"count":19,"href":"https:\/\/weld-pol.com.pl\/index.php?rest_route=\/wp\/v2\/pages\/289\/revisions"}],"predecessor-version":[{"id":480,"href":"https:\/\/weld-pol.com.pl\/index.php?rest_route=\/wp\/v2\/pages\/289\/revisions\/480"}],"wp:attachment":[{"href":"https:\/\/weld-pol.com.pl\/index.php?rest_route=%2Fwp%2Fv2%2Fmedia&parent=289"}],"curies":[{"name":"wp","href":"https:\/\/api.w.org\/{rel}","templated":true}]}}