{"id":26,"date":"2025-05-22T19:21:41","date_gmt":"2025-05-22T19:21:41","guid":{"rendered":"https:\/\/weld-pol.com.pl\/?page_id=26"},"modified":"2025-12-15T06:09:18","modified_gmt":"2025-12-15T06:09:18","slug":"o-firmie","status":"publish","type":"page","link":"https:\/\/weld-pol.com.pl\/?page_id=26","title":{"rendered":"O Firmie"},"content":{"rendered":"\t\t<div data-elementor-type=\"wp-page\" data-elementor-id=\"26\" class=\"elementor elementor-26\" data-elementor-post-type=\"page\">\n\t\t\t\t<div class=\"elementor-element elementor-element-b28f7a2 e-con-full e-flex e-con e-parent\" data-id=\"b28f7a2\" data-element_type=\"container\" data-e-type=\"container\" data-settings=\"{&quot;background_background&quot;:&quot;classic&quot;}\">\n\t\t\t\t<div class=\"elementor-element elementor-element-632fb3c elementor-widget elementor-widget-heading\" data-id=\"632fb3c\" data-element_type=\"widget\" data-e-type=\"widget\" data-widget_type=\"heading.default\">\n\t\t\t\t<div class=\"elementor-widget-container\">\n\t\t\t\t\t<h2 class=\"elementor-heading-title elementor-size-default\">O nas <\/h2>\t\t\t\t<\/div>\n\t\t\t\t<\/div>\n\t\t\t\t<\/div>\n\t\t<div class=\"elementor-element elementor-element-29aa4be8 e-flex e-con-boxed e-con e-parent\" data-id=\"29aa4be8\" data-element_type=\"container\" data-e-type=\"container\">\n\t\t\t\t\t<div class=\"e-con-inner\">\n\t\t\t\t<div class=\"elementor-element elementor-element-3c712462 elementor-widget elementor-widget-heading\" data-id=\"3c712462\" data-element_type=\"widget\" data-e-type=\"widget\" data-widget_type=\"heading.default\">\n\t\t\t\t<div class=\"elementor-widget-container\">\n\t\t\t\t\t<h2 class=\"elementor-heading-title elementor-size-default\">Do\u015bwiadczenie budowane latami<\/h2>\t\t\t\t<\/div>\n\t\t\t\t<\/div>\n\t\t\t\t<div class=\"elementor-element elementor-element-2132ca7c elementor-widget elementor-widget-text-editor\" data-id=\"2132ca7c\" data-element_type=\"widget\" data-e-type=\"widget\" data-widget_type=\"text-editor.default\">\n\t\t\t\t<div class=\"elementor-widget-container\">\n\t\t\t\t\t\t\t\t\t<p>Jeste\u015bmy do\u015bwiadczon\u0105 firm\u0105 spawalnicz\u0105, kt\u00f3ra od lat realizuje kompleksowe us\u0142ugi dla przemys\u0142u \u2014 w Polsce i innych krajach Unii Europejskiej. Nasz zesp\u00f3\u0142 to ponad 50 wykwalifikowanych pracownik\u00f3w z uprawnieniami T\u00dcV i UDT, specjalizuj\u0105cych si\u0119 w nowoczesnych metodach spawania i monta\u017cu konstrukcji stalowych, kot\u0142\u00f3w, ruroci\u0105g\u00f3w oraz instalacji przemys\u0142owych i ciep\u0142owniczych.\u00a0\u00a0<\/p><p>Najwa\u017cniejsze dla nas warto\u015bci to jako\u015b\u0107 i uczciwo\u015b\u0107 \u2014 wykonujemy zlecenia z najwy\u017csz\u0105 staranno\u015bci\u0105, z zachowaniem norm bezpiecze\u0144stwa i terminowo\u015bci, tak aby ka\u017cdy projekt spe\u0142nia\u0142 oczekiwania nawet najbardziej wymagaj\u0105cych klient\u00f3w.\u00a0\u00a0<\/p><p>Nasza firma dzia\u0142a jak rodzina \u2014 zgrana ekipa specjalist\u00f3w wsp\u00f3lnie zdobywa do\u015bwiadczenie i podejmuje wyzwania, realizuj\u0105c projekty z dba\u0142o\u015bci\u0105 o ka\u017cdy detal. Dzi\u0119ki temu budujemy trwa\u0142e relacje z klientami, a wielu z nich wraca do nas regularnie, nawi\u0105zuj\u0105c wieloletnie wsp\u00f3\u0142prace, kt\u00f3re s\u0105 potwierdzeniem zaufania i satysfakcji z jako\u015bci naszych us\u0142ug.<\/p><p>Dysponujemy nowoczesnym sprz\u0119tem, stosujemy innowacyjne rozwi\u0105zania technologiczne i oferujemy nie tylko wykonawstwo, ale tak\u017ce doradztwo techniczne \u2014 wszystko po to, aby nasi partnerzy otrzymywali us\u0142ugi spawalnicze na \u015bwiatowym poziomie.\u00a0\u00a0<\/p><p>Wybieraj\u0105c Weld-Pol, zyskujesz partnera, kt\u00f3ry \u0142\u0105czy jako\u015b\u0107, do\u015bwiadczenie i profesjonalizm \u2014 na ka\u017cdym etapie realizacji Twojego projektu.<\/p>\t\t\t\t\t\t\t\t<\/div>\n\t\t\t\t<\/div>\n\t\t\t\t\t<\/div>\n\t\t\t\t<\/div>\n\t\t<div class=\"elementor-element elementor-element-3bfa793 e-flex e-con-boxed e-con e-parent\" data-id=\"3bfa793\" data-element_type=\"container\" data-e-type=\"container\">\n\t\t\t\t\t<div class=\"e-con-inner\">\n\t\t\t\t<div class=\"elementor-element elementor-element-722306f elementor-widget elementor-widget-heading\" data-id=\"722306f\" data-element_type=\"widget\" data-e-type=\"widget\" data-widget_type=\"heading.default\">\n\t\t\t\t<div class=\"elementor-widget-container\">\n\t\t\t\t\t<h2 class=\"elementor-heading-title elementor-size-default\">Nasz Rodow\u00f3d: Od Eksperta do Lidera Rynku<\/h2>\t\t\t\t<\/div>\n\t\t\t\t<\/div>\n\t\t\t\t\t<\/div>\n\t\t\t\t<\/div>\n\t\t<div class=\"elementor-element elementor-element-dbfae9a e-flex e-con-boxed e-con e-parent\" data-id=\"dbfae9a\" data-element_type=\"container\" data-e-type=\"container\">\n\t\t\t\t\t<div class=\"e-con-inner\">\n\t\t<div class=\"elementor-element elementor-element-a08163e e-con-full e-flex e-con e-child\" data-id=\"a08163e\" data-element_type=\"container\" data-e-type=\"container\">\n\t\t\t\t<div class=\"elementor-element elementor-element-9cfd124 elementor-widget elementor-widget-heading\" data-id=\"9cfd124\" data-element_type=\"widget\" data-e-type=\"widget\" data-widget_type=\"heading.default\">\n\t\t\t\t<div class=\"elementor-widget-container\">\n\t\t\t\t\t<h2 class=\"elementor-heading-title elementor-size-default\">1<\/h2>\t\t\t\t<\/div>\n\t\t\t\t<\/div>\n\t\t\t\t<\/div>\n\t\t<div class=\"elementor-element elementor-element-4db1592 e-con-full e-flex e-con e-child\" data-id=\"4db1592\" data-element_type=\"container\" data-e-type=\"container\">\n\t\t\t\t<div class=\"elementor-element elementor-element-cd83d74 elementor-widget elementor-widget-text-editor\" data-id=\"cd83d74\" data-element_type=\"widget\" data-e-type=\"widget\" data-widget_type=\"text-editor.default\">\n\t\t\t\t<div class=\"elementor-widget-container\">\n\t\t\t\t\t\t\t\t\t<p data-path-to-node=\"6,0,0\"><b>2001 \u2013 Pocz\u0105tek drogi zawodowej<\/b> Rozpocz\u0119cie dzia\u0142alno\u015bci w bran\u017cy spawalniczo-monterskiej. Pierwsze spoiny i poznawanie specyfiki ruroci\u0105g\u00f3w przemys\u0142owych.<\/p>\t\t\t\t\t\t\t\t<\/div>\n\t\t\t\t<\/div>\n\t\t\t\t<\/div>\n\t\t<div class=\"elementor-element elementor-element-ebff00b e-con-full e-flex e-con e-child\" data-id=\"ebff00b\" data-element_type=\"container\" data-e-type=\"container\">\n\t\t\t\t<\/div>\n\t\t\t\t\t<\/div>\n\t\t\t\t<\/div>\n\t\t<div class=\"elementor-element elementor-element-81fff5f e-flex e-con-boxed e-con e-parent\" data-id=\"81fff5f\" data-element_type=\"container\" data-e-type=\"container\">\n\t\t\t\t\t<div class=\"e-con-inner\">\n\t\t<div class=\"elementor-element elementor-element-ce45fd9 e-con-full e-flex e-con e-child\" data-id=\"ce45fd9\" data-element_type=\"container\" data-e-type=\"container\">\n\t\t\t\t<\/div>\n\t\t<div class=\"elementor-element elementor-element-80d1921 e-con-full e-flex e-con e-child\" data-id=\"80d1921\" data-element_type=\"container\" data-e-type=\"container\">\n\t\t\t\t<div class=\"elementor-element elementor-element-9d904f1 elementor-widget elementor-widget-heading\" data-id=\"9d904f1\" data-element_type=\"widget\" data-e-type=\"widget\" data-widget_type=\"heading.default\">\n\t\t\t\t<div class=\"elementor-widget-container\">\n\t\t\t\t\t<h2 class=\"elementor-heading-title elementor-size-default\">2<\/h2>\t\t\t\t<\/div>\n\t\t\t\t<\/div>\n\t\t\t\t<\/div>\n\t\t<div class=\"elementor-element elementor-element-6258456 e-con-full e-flex e-con e-child\" data-id=\"6258456\" data-element_type=\"container\" data-e-type=\"container\">\n\t\t\t\t<div class=\"elementor-element elementor-element-13f2cb2 elementor-widget elementor-widget-text-editor\" data-id=\"13f2cb2\" data-element_type=\"widget\" data-e-type=\"widget\" data-widget_type=\"text-editor.default\">\n\t\t\t\t<div class=\"elementor-widget-container\">\n\t\t\t\t\t\t\t\t\t<p data-path-to-node=\"6,0,0\"><b>2001\u20132018 \u2013 Do\u015bwiadczenie zdobywane w Europie<\/b> Blisko dwie dekady pracy na wymagaj\u0105cych rynkach zachodnich. Realizacja skomplikowanych projekt\u00f3w, zdobywanie certyfikat\u00f3w i nauka najwy\u017cszych standard\u00f3w kultury technicznej.<\/p>\t\t\t\t\t\t\t\t<\/div>\n\t\t\t\t<\/div>\n\t\t\t\t<\/div>\n\t\t\t\t\t<\/div>\n\t\t\t\t<\/div>\n\t\t<div class=\"elementor-element elementor-element-d81f754 e-flex e-con-boxed e-con e-parent\" data-id=\"d81f754\" data-element_type=\"container\" data-e-type=\"container\">\n\t\t\t\t\t<div class=\"e-con-inner\">\n\t\t<div class=\"elementor-element elementor-element-6b8ec19 e-con-full e-flex e-con e-child\" data-id=\"6b8ec19\" data-element_type=\"container\" data-e-type=\"container\">\n\t\t\t\t<div class=\"elementor-element elementor-element-c7fdb54 elementor-widget elementor-widget-heading\" data-id=\"c7fdb54\" data-element_type=\"widget\" data-e-type=\"widget\" data-widget_type=\"heading.default\">\n\t\t\t\t<div class=\"elementor-widget-container\">\n\t\t\t\t\t<h2 class=\"elementor-heading-title elementor-size-default\">3<\/h2>\t\t\t\t<\/div>\n\t\t\t\t<\/div>\n\t\t\t\t<\/div>\n\t\t<div class=\"elementor-element elementor-element-eabcd69 e-con-full e-flex e-con e-child\" data-id=\"eabcd69\" data-element_type=\"container\" data-e-type=\"container\">\n\t\t\t\t<div class=\"elementor-element elementor-element-838cf88 elementor-widget elementor-widget-text-editor\" data-id=\"838cf88\" data-element_type=\"widget\" data-e-type=\"widget\" data-widget_type=\"text-editor.default\">\n\t\t\t\t<div class=\"elementor-widget-container\">\n\t\t\t\t\t\t\t\t\t<p><b>2018 \u2013 Powstanie Firmy w Polsce<\/b> Transfer wiedzy i technologii do kraju. Otwarcie firmy, kt\u00f3ra \u0142\u0105czy europejskie standardy jako\u015bci z polsk\u0105 pracowito\u015bci\u0105.<\/p>\t\t\t\t\t\t\t\t<\/div>\n\t\t\t\t<\/div>\n\t\t\t\t<\/div>\n\t\t<div class=\"elementor-element elementor-element-d64ddec e-con-full e-flex e-con e-child\" data-id=\"d64ddec\" data-element_type=\"container\" data-e-type=\"container\">\n\t\t\t\t<\/div>\n\t\t\t\t\t<\/div>\n\t\t\t\t<\/div>\n\t\t<div class=\"elementor-element elementor-element-dc8a9e7 e-flex e-con-boxed e-con e-parent\" data-id=\"dc8a9e7\" data-element_type=\"container\" data-e-type=\"container\">\n\t\t\t\t\t<div class=\"e-con-inner\">\n\t\t<div class=\"elementor-element elementor-element-0c17277 e-con-full e-flex e-con e-child\" data-id=\"0c17277\" data-element_type=\"container\" data-e-type=\"container\">\n\t\t\t\t<\/div>\n\t\t<div class=\"elementor-element elementor-element-42074e8 e-con-full e-flex e-con e-child\" data-id=\"42074e8\" data-element_type=\"container\" data-e-type=\"container\">\n\t\t\t\t<div class=\"elementor-element elementor-element-dba60da elementor-widget elementor-widget-heading\" data-id=\"dba60da\" data-element_type=\"widget\" data-e-type=\"widget\" data-widget_type=\"heading.default\">\n\t\t\t\t<div class=\"elementor-widget-container\">\n\t\t\t\t\t<h2 class=\"elementor-heading-title elementor-size-default\">4<\/h2>\t\t\t\t<\/div>\n\t\t\t\t<\/div>\n\t\t\t\t<\/div>\n\t\t<div class=\"elementor-element elementor-element-5ffd3c2 e-con-full e-flex e-con e-child\" data-id=\"5ffd3c2\" data-element_type=\"container\" data-e-type=\"container\">\n\t\t\t\t<div class=\"elementor-element elementor-element-6f0ee20 elementor-widget elementor-widget-text-editor\" data-id=\"6f0ee20\" data-element_type=\"widget\" data-e-type=\"widget\" data-widget_type=\"text-editor.default\">\n\t\t\t\t<div class=\"elementor-widget-container\">\n\t\t\t\t\t\t\t\t\t<p><b>Dzi\u015b \u2013 Kompleksowe Centrum Spawalnictwa<\/b> W\u0142asna hala produkcyjna, prefabrykacja zbiornik\u00f3w i skid\u00f3w oraz certyfikowana kadra realizuj\u0105ca zlecenia dla najwi\u0119kszych graczy w przemy\u015ble.<\/p>\t\t\t\t\t\t\t\t<\/div>\n\t\t\t\t<\/div>\n\t\t\t\t<\/div>\n\t\t\t\t\t<\/div>\n\t\t\t\t<\/div>\n\t\t\t\t<\/div>\n\t\t","protected":false},"excerpt":{"rendered":"<p>O nas Do\u015bwiadczenie budowane latami Jeste\u015bmy do\u015bwiadczon\u0105 firm\u0105 spawalnicz\u0105, kt\u00f3ra od lat realizuje kompleksowe us\u0142ugi dla przemys\u0142u \u2014 w Polsce i innych krajach Unii Europejskiej. Nasz zesp\u00f3\u0142 to ponad 50 wykwalifikowanych pracownik\u00f3w z uprawnieniami T\u00dcV i UDT, specjalizuj\u0105cych si\u0119 w nowoczesnych metodach spawania i monta\u017cu konstrukcji stalowych, kot\u0142\u00f3w, ruroci\u0105g\u00f3w oraz instalacji przemys\u0142owych i ciep\u0142owniczych.\u00a0\u00a0 Najwa\u017cniejsze [&hellip;]<\/p>\n","protected":false},"author":1,"featured_media":0,"parent":0,"menu_order":0,"comment_status":"closed","ping_status":"closed","template":"","meta":{"footnotes":""},"class_list":["post-26","page","type-page","status-publish","hentry"],"_links":{"self":[{"href":"https:\/\/weld-pol.com.pl\/index.php?rest_route=\/wp\/v2\/pages\/26","targetHints":{"allow":["GET"]}}],"collection":[{"href":"https:\/\/weld-pol.com.pl\/index.php?rest_route=\/wp\/v2\/pages"}],"about":[{"href":"https:\/\/weld-pol.com.pl\/index.php?rest_route=\/wp\/v2\/types\/page"}],"author":[{"embeddable":true,"href":"https:\/\/weld-pol.com.pl\/index.php?rest_route=\/wp\/v2\/users\/1"}],"replies":[{"embeddable":true,"href":"https:\/\/weld-pol.com.pl\/index.php?rest_route=%2Fwp%2Fv2%2Fcomments&post=26"}],"version-history":[{"count":55,"href":"https:\/\/weld-pol.com.pl\/index.php?rest_route=\/wp\/v2\/pages\/26\/revisions"}],"predecessor-version":[{"id":467,"href":"https:\/\/weld-pol.com.pl\/index.php?rest_route=\/wp\/v2\/pages\/26\/revisions\/467"}],"wp:attachment":[{"href":"https:\/\/weld-pol.com.pl\/index.php?rest_route=%2Fwp%2Fv2%2Fmedia&parent=26"}],"curies":[{"name":"wp","href":"https:\/\/api.w.org\/{rel}","templated":true}]}}