{"id":15,"date":"2025-05-22T04:23:59","date_gmt":"2025-05-22T04:23:59","guid":{"rendered":"https:\/\/weld-pol.com.pl\/?page_id=15"},"modified":"2025-12-15T06:11:30","modified_gmt":"2025-12-15T06:11:30","slug":"uslugi","status":"publish","type":"page","link":"https:\/\/weld-pol.com.pl\/?page_id=15","title":{"rendered":"Us\u0142ugi"},"content":{"rendered":"\t\t<div data-elementor-type=\"wp-page\" data-elementor-id=\"15\" class=\"elementor elementor-15\" data-elementor-post-type=\"page\">\n\t\t\t\t<div class=\"elementor-element elementor-element-e89d043 e-flex e-con-boxed e-con e-parent\" data-id=\"e89d043\" data-element_type=\"container\" data-e-type=\"container\" data-settings=\"{&quot;background_background&quot;:&quot;classic&quot;}\">\n\t\t\t\t\t<div class=\"e-con-inner\">\n\t\t\t\t<div class=\"elementor-element elementor-element-d0d097f elementor-widget elementor-widget-heading\" data-id=\"d0d097f\" data-element_type=\"widget\" data-e-type=\"widget\" data-widget_type=\"heading.default\">\n\t\t\t\t<div class=\"elementor-widget-container\">\n\t\t\t\t\t<h2 class=\"elementor-heading-title elementor-size-default\">Us\u0142ugi<\/h2>\t\t\t\t<\/div>\n\t\t\t\t<\/div>\n\t\t\t\t\t<\/div>\n\t\t\t\t<\/div>\n\t\t<div class=\"elementor-element elementor-element-441f2aa3 e-flex e-con-boxed e-con e-parent\" data-id=\"441f2aa3\" data-element_type=\"container\" data-e-type=\"container\">\n\t\t\t\t\t<div class=\"e-con-inner\">\n\t\t\t\t<div class=\"elementor-element elementor-element-68fcc896 elementor-widget elementor-widget-heading\" data-id=\"68fcc896\" data-element_type=\"widget\" data-e-type=\"widget\" data-widget_type=\"heading.default\">\n\t\t\t\t<div class=\"elementor-widget-container\">\n\t\t\t\t\t<h2 class=\"elementor-heading-title elementor-size-default\">Najwy\u017csze Standardy w Obr\u00f3bce Stali Nierdzewnych i Kwasoodpornych<\/h2>\t\t\t\t<\/div>\n\t\t\t\t<\/div>\n\t\t\t\t<div class=\"elementor-element elementor-element-2382cfcb elementor-widget elementor-widget-text-editor\" data-id=\"2382cfcb\" data-element_type=\"widget\" data-e-type=\"widget\" data-widget_type=\"text-editor.default\">\n\t\t\t\t<div class=\"elementor-widget-container\">\n\t\t\t\t\t\t\t\t\t<p>Oferujemy kompleksowe us\u0142ugi dla sektora przemys\u0142owego, \u0142\u0105cz\u0105c <b>20-letnie do\u015bwiadczenie<\/b> zdobyte na rynkach europejskich z potencja\u0142em nowoczesnego zak\u0142adu produkcyjnego w Polsce. Nie jeste\u015bmy tylko wykonawc\u0105 \u2013 jeste\u015bmy partnerem technologicznym. Nasz zesp\u00f3\u0142 realizuje projekty w formule \u201epod klucz\u201d: od in\u017cynierii i modelowania 3D, przez prefabrykacj\u0119 ruroci\u0105g\u00f3w, zbiornik\u00f3w i skid\u00f3w w naszym warsztacie, a\u017c po finalny monta\u017c i rozruch instalacji na obiekcie. Pracujemy na stalach nierdzewnych, kwasoodpornych i specjalnych, zachowuj\u0105c najwy\u017csze standardy TUV i VCA.<\/p>\t\t\t\t\t\t\t\t<\/div>\n\t\t\t\t<\/div>\n\t\t\t\t\t<\/div>\n\t\t\t\t<\/div>\n\t\t<div class=\"elementor-element elementor-element-10cd55d e-flex e-con-boxed e-con e-parent\" data-id=\"10cd55d\" data-element_type=\"container\" data-e-type=\"container\">\n\t\t\t\t\t<div class=\"e-con-inner\">\n\t\t\t\t<div class=\"elementor-element elementor-element-88b97d2 elementor-widget-divider--view-line elementor-widget elementor-widget-divider\" data-id=\"88b97d2\" data-element_type=\"widget\" data-e-type=\"widget\" data-widget_type=\"divider.default\">\n\t\t\t\t<div class=\"elementor-widget-container\">\n\t\t\t\t\t\t\t<div class=\"elementor-divider\">\n\t\t\t<span class=\"elementor-divider-separator\">\n\t\t\t\t\t\t<\/span>\n\t\t<\/div>\n\t\t\t\t\t\t<\/div>\n\t\t\t\t<\/div>\n\t\t\t\t\t<\/div>\n\t\t\t\t<\/div>\n\t\t<div class=\"elementor-element elementor-element-27ddc01a e-flex e-con-boxed e-con e-parent\" data-id=\"27ddc01a\" data-element_type=\"container\" data-e-type=\"container\">\n\t\t\t\t\t<div class=\"e-con-inner\">\n\t\t<div class=\"elementor-element elementor-element-14cd82ca e-con-full e-flex e-con e-child\" data-id=\"14cd82ca\" data-element_type=\"container\" data-e-type=\"container\">\n\t\t\t\t<div class=\"elementor-element elementor-element-446f6c4 elementor-widget elementor-widget-heading\" data-id=\"446f6c4\" data-element_type=\"widget\" data-e-type=\"widget\" data-widget_type=\"heading.default\">\n\t\t\t\t<div class=\"elementor-widget-container\">\n\t\t\t\t\t<h2 class=\"elementor-heading-title elementor-size-default\">Mechanika i Spawalnictwo Przemys\u0142owe<\/h2>\t\t\t\t<\/div>\n\t\t\t\t<\/div>\n\t\t\t\t<div class=\"elementor-element elementor-element-5673629a elementor-widget elementor-widget-text-editor\" data-id=\"5673629a\" data-element_type=\"widget\" data-e-type=\"widget\" data-widget_type=\"text-editor.default\">\n\t\t\t\t<div class=\"elementor-widget-container\">\n\t\t\t\t\t\t\t\t\t<ul data-path-to-node=\"6\"><li><p data-path-to-node=\"7\">Specjalizujemy si\u0119 w realizacji us\u0142ug \u201epod klucz\u201d w zakresie mechaniki przemys\u0142owej. Nasz zesp\u00f3\u0142 posiada wieloletnie do\u015bwiadczenie w spawaniu i monta\u017cu ruroci\u0105g\u00f3w technologicznych oraz konstrukcji stalowych.<\/p><ul data-path-to-node=\"8\"><li><p data-path-to-node=\"8,0,0\"><b>Zakres us\u0142ug:<\/b> Instalacje HVAC, systemy parowe, ruroci\u0105gi Oil &amp; Gas, instalacje spr\u0119\u017conego powietrza oraz media technologiczne.<\/p><\/li><li><p data-path-to-node=\"8,1,0\"><b>Konstrukcje:<\/b> Wykonujemy niestandardowe konstrukcje stalowe (bespoke fabrication) dopasowane do specyficznych wymaga\u0144 klienta.<\/p><\/li><\/ul><\/li><\/ul>\t\t\t\t\t\t\t\t<\/div>\n\t\t\t\t<\/div>\n\t\t\t\t<\/div>\n\t\t<div class=\"elementor-element elementor-element-68ea325b e-con-full e-flex e-con e-child\" data-id=\"68ea325b\" data-element_type=\"container\" data-e-type=\"container\">\n\t\t\t\t<div class=\"elementor-element elementor-element-140f7ce6 elementor-widget elementor-widget-image\" data-id=\"140f7ce6\" data-element_type=\"widget\" data-e-type=\"widget\" data-widget_type=\"image.default\">\n\t\t\t\t<div class=\"elementor-widget-container\">\n\t\t\t\t\t\t\t\t\t\t\t\t\t\t\t<img fetchpriority=\"high\" decoding=\"async\" width=\"800\" height=\"600\" src=\"https:\/\/weld-pol.com.pl\/wp-content\/uploads\/2025\/12\/pexels-pixabay-372796-1024x768.jpg\" class=\"attachment-large size-large wp-image-220\" alt=\"\" srcset=\"https:\/\/weld-pol.com.pl\/wp-content\/uploads\/2025\/12\/pexels-pixabay-372796-1024x768.jpg 1024w, https:\/\/weld-pol.com.pl\/wp-content\/uploads\/2025\/12\/pexels-pixabay-372796-300x225.jpg 300w, https:\/\/weld-pol.com.pl\/wp-content\/uploads\/2025\/12\/pexels-pixabay-372796-768x576.jpg 768w, https:\/\/weld-pol.com.pl\/wp-content\/uploads\/2025\/12\/pexels-pixabay-372796-1536x1152.jpg 1536w, https:\/\/weld-pol.com.pl\/wp-content\/uploads\/2025\/12\/pexels-pixabay-372796-2048x1536.jpg 2048w\" sizes=\"(max-width: 800px) 100vw, 800px\" \/>\t\t\t\t\t\t\t\t\t\t\t\t\t\t\t<\/div>\n\t\t\t\t<\/div>\n\t\t\t\t<\/div>\n\t\t\t\t\t<\/div>\n\t\t\t\t<\/div>\n\t\t<div class=\"elementor-element elementor-element-f1c010f e-flex e-con-boxed e-con e-parent\" data-id=\"f1c010f\" data-element_type=\"container\" data-e-type=\"container\">\n\t\t\t\t\t<div class=\"e-con-inner\">\n\t\t\t\t<div class=\"elementor-element elementor-element-d92c5fa elementor-widget-divider--view-line elementor-widget elementor-widget-divider\" data-id=\"d92c5fa\" data-element_type=\"widget\" data-e-type=\"widget\" data-widget_type=\"divider.default\">\n\t\t\t\t<div class=\"elementor-widget-container\">\n\t\t\t\t\t\t\t<div class=\"elementor-divider\">\n\t\t\t<span class=\"elementor-divider-separator\">\n\t\t\t\t\t\t<\/span>\n\t\t<\/div>\n\t\t\t\t\t\t<\/div>\n\t\t\t\t<\/div>\n\t\t\t\t\t<\/div>\n\t\t\t\t<\/div>\n\t\t<div class=\"elementor-element elementor-element-16503cc e-flex e-con-boxed e-con e-parent\" data-id=\"16503cc\" data-element_type=\"container\" data-e-type=\"container\">\n\t\t\t\t\t<div class=\"e-con-inner\">\n\t\t<div class=\"elementor-element elementor-element-a3fafd5 e-con-full e-flex e-con e-child\" data-id=\"a3fafd5\" data-element_type=\"container\" data-e-type=\"container\">\n\t\t\t\t<div class=\"elementor-element elementor-element-1623b5c elementor-widget elementor-widget-image\" data-id=\"1623b5c\" data-element_type=\"widget\" data-e-type=\"widget\" data-widget_type=\"image.default\">\n\t\t\t\t<div class=\"elementor-widget-container\">\n\t\t\t\t\t\t\t\t\t\t\t\t\t\t\t<img decoding=\"async\" width=\"800\" height=\"532\" src=\"https:\/\/weld-pol.com.pl\/wp-content\/uploads\/2025\/12\/pexels-tomfisk-6767963-1024x681.jpg\" class=\"attachment-large size-large wp-image-217\" alt=\"\" srcset=\"https:\/\/weld-pol.com.pl\/wp-content\/uploads\/2025\/12\/pexels-tomfisk-6767963-1024x681.jpg 1024w, https:\/\/weld-pol.com.pl\/wp-content\/uploads\/2025\/12\/pexels-tomfisk-6767963-300x200.jpg 300w, https:\/\/weld-pol.com.pl\/wp-content\/uploads\/2025\/12\/pexels-tomfisk-6767963-768x511.jpg 768w, https:\/\/weld-pol.com.pl\/wp-content\/uploads\/2025\/12\/pexels-tomfisk-6767963-1536x1022.jpg 1536w, https:\/\/weld-pol.com.pl\/wp-content\/uploads\/2025\/12\/pexels-tomfisk-6767963-2048x1363.jpg 2048w\" sizes=\"(max-width: 800px) 100vw, 800px\" \/>\t\t\t\t\t\t\t\t\t\t\t\t\t\t\t<\/div>\n\t\t\t\t<\/div>\n\t\t\t\t<\/div>\n\t\t<div class=\"elementor-element elementor-element-7614a68 e-con-full e-flex e-con e-child\" data-id=\"7614a68\" data-element_type=\"container\" data-e-type=\"container\">\n\t\t\t\t<div class=\"elementor-element elementor-element-3eff5ec elementor-widget elementor-widget-heading\" data-id=\"3eff5ec\" data-element_type=\"widget\" data-e-type=\"widget\" data-widget_type=\"heading.default\">\n\t\t\t\t<div class=\"elementor-widget-container\">\n\t\t\t\t\t<h2 class=\"elementor-heading-title elementor-size-default\">Prefabrykacja Modu\u0142owa i Skidy<\/h2>\t\t\t\t<\/div>\n\t\t\t\t<\/div>\n\t\t\t\t<div class=\"elementor-element elementor-element-495aba9 elementor-widget elementor-widget-text-editor\" data-id=\"495aba9\" data-element_type=\"widget\" data-e-type=\"widget\" data-widget_type=\"text-editor.default\">\n\t\t\t\t<div class=\"elementor-widget-container\">\n\t\t\t\t\t\t\t\t\t<ul data-path-to-node=\"6\"><li><p data-path-to-node=\"10\">Oferujemy nowoczesne podej\u015bcie do instalacji poprzez prefabrykacj\u0119 modu\u0142ow\u0105. Projektujemy i budujemy kompletne w\u0119z\u0142y technologiczne (skidy) oraz konteneryzowane maszynownie w naszym zak\u0142adzie produkcyjnym.<\/p><ul data-path-to-node=\"11\"><li><p data-path-to-node=\"11,0,0\"><b>Proces:<\/b> Modu\u0142y s\u0105 w pe\u0142ni spawane, montowane i testowane w naszej hali, a nast\u0119pnie transportowane jako gotowe jednostki na obiekt klienta (&#8222;drop-in packages&#8221;).<\/p><\/li><li><p data-path-to-node=\"11,1,0\"><b>Korzy\u015bci:<\/b> Skr\u00f3cenie czasu monta\u017cu na budowie, wy\u017csza jako\u015b\u0107 spoin i pe\u0142na kontrola warunk\u00f3w produkcji.<\/p><\/li><\/ul><\/li><\/ul>\t\t\t\t\t\t\t\t<\/div>\n\t\t\t\t<\/div>\n\t\t\t\t<\/div>\n\t\t\t\t\t<\/div>\n\t\t\t\t<\/div>\n\t\t<div class=\"elementor-element elementor-element-fec9a46 e-flex e-con-boxed e-con e-parent\" data-id=\"fec9a46\" data-element_type=\"container\" data-e-type=\"container\">\n\t\t\t\t\t<div class=\"e-con-inner\">\n\t\t\t\t<div class=\"elementor-element elementor-element-a474c7a elementor-widget-divider--view-line elementor-widget elementor-widget-divider\" data-id=\"a474c7a\" data-element_type=\"widget\" data-e-type=\"widget\" data-widget_type=\"divider.default\">\n\t\t\t\t<div class=\"elementor-widget-container\">\n\t\t\t\t\t\t\t<div class=\"elementor-divider\">\n\t\t\t<span class=\"elementor-divider-separator\">\n\t\t\t\t\t\t<\/span>\n\t\t<\/div>\n\t\t\t\t\t\t<\/div>\n\t\t\t\t<\/div>\n\t\t\t\t\t<\/div>\n\t\t\t\t<\/div>\n\t\t<div class=\"elementor-element elementor-element-fc4cf6a e-flex e-con-boxed e-con e-parent\" data-id=\"fc4cf6a\" data-element_type=\"container\" data-e-type=\"container\">\n\t\t\t\t\t<div class=\"e-con-inner\">\n\t\t<div class=\"elementor-element elementor-element-9450d11 e-con-full e-flex e-con e-child\" data-id=\"9450d11\" data-element_type=\"container\" data-e-type=\"container\">\n\t\t\t\t<div class=\"elementor-element elementor-element-134a0df elementor-widget elementor-widget-heading\" data-id=\"134a0df\" data-element_type=\"widget\" data-e-type=\"widget\" data-widget_type=\"heading.default\">\n\t\t\t\t<div class=\"elementor-widget-container\">\n\t\t\t\t\t<h2 class=\"elementor-heading-title elementor-size-default\">Ch\u0142odnictwo Przemys\u0142owe<\/h2>\t\t\t\t<\/div>\n\t\t\t\t<\/div>\n\t\t\t\t<div class=\"elementor-element elementor-element-88a511f elementor-widget elementor-widget-text-editor\" data-id=\"88a511f\" data-element_type=\"widget\" data-e-type=\"widget\" data-widget_type=\"text-editor.default\">\n\t\t\t\t<div class=\"elementor-widget-container\">\n\t\t\t\t\t\t\t\t\t<ul data-path-to-node=\"6\"><li><p data-path-to-node=\"16\">Zapewniamy dostaw\u0119, monta\u017c i uruchomienie zaawansowanych system\u00f3w ch\u0142odniczych dla przemys\u0142u.<\/p><ul data-path-to-node=\"17\"><li><p data-path-to-node=\"17,0,0\"><b>Zakres:<\/b> Instalacja agregat\u00f3w, spawanie ruroci\u0105g\u00f3w ch\u0142odniczych (stal czarna, nierdzewna) oraz monta\u017c armatury towarzysz\u0105cej.<\/p><\/li><\/ul><\/li><\/ul>\t\t\t\t\t\t\t\t<\/div>\n\t\t\t\t<\/div>\n\t\t\t\t<\/div>\n\t\t<div class=\"elementor-element elementor-element-77161fb e-con-full e-flex e-con e-child\" data-id=\"77161fb\" data-element_type=\"container\" data-e-type=\"container\">\n\t\t\t\t<div class=\"elementor-element elementor-element-6e9d39d elementor-widget elementor-widget-image\" data-id=\"6e9d39d\" data-element_type=\"widget\" data-e-type=\"widget\" data-widget_type=\"image.default\">\n\t\t\t\t<div class=\"elementor-widget-container\">\n\t\t\t\t\t\t\t\t\t\t\t\t\t\t\t<img decoding=\"async\" width=\"800\" height=\"450\" src=\"https:\/\/weld-pol.com.pl\/wp-content\/uploads\/2025\/12\/image.jpeg\" class=\"attachment-large size-large wp-image-195\" alt=\"\" srcset=\"https:\/\/weld-pol.com.pl\/wp-content\/uploads\/2025\/12\/image.jpeg 800w, https:\/\/weld-pol.com.pl\/wp-content\/uploads\/2025\/12\/image-300x169.jpeg 300w, https:\/\/weld-pol.com.pl\/wp-content\/uploads\/2025\/12\/image-768x432.jpeg 768w\" sizes=\"(max-width: 800px) 100vw, 800px\" \/>\t\t\t\t\t\t\t\t\t\t\t\t\t\t\t<\/div>\n\t\t\t\t<\/div>\n\t\t\t\t<\/div>\n\t\t\t\t\t<\/div>\n\t\t\t\t<\/div>\n\t\t\t\t<\/div>\n\t\t","protected":false},"excerpt":{"rendered":"<p>Us\u0142ugi Najwy\u017csze Standardy w Obr\u00f3bce Stali Nierdzewnych i Kwasoodpornych Oferujemy kompleksowe us\u0142ugi dla sektora przemys\u0142owego, \u0142\u0105cz\u0105c 20-letnie do\u015bwiadczenie zdobyte na rynkach europejskich z potencja\u0142em nowoczesnego zak\u0142adu produkcyjnego w Polsce. Nie jeste\u015bmy tylko wykonawc\u0105 \u2013 jeste\u015bmy partnerem technologicznym. Nasz zesp\u00f3\u0142 realizuje projekty w formule \u201epod klucz\u201d: od in\u017cynierii i modelowania 3D, przez prefabrykacj\u0119 ruroci\u0105g\u00f3w, zbiornik\u00f3w i [&hellip;]<\/p>\n","protected":false},"author":1,"featured_media":0,"parent":0,"menu_order":0,"comment_status":"closed","ping_status":"closed","template":"","meta":{"footnotes":""},"class_list":["post-15","page","type-page","status-publish","hentry"],"_links":{"self":[{"href":"https:\/\/weld-pol.com.pl\/index.php?rest_route=\/wp\/v2\/pages\/15","targetHints":{"allow":["GET"]}}],"collection":[{"href":"https:\/\/weld-pol.com.pl\/index.php?rest_route=\/wp\/v2\/pages"}],"about":[{"href":"https:\/\/weld-pol.com.pl\/index.php?rest_route=\/wp\/v2\/types\/page"}],"author":[{"embeddable":true,"href":"https:\/\/weld-pol.com.pl\/index.php?rest_route=\/wp\/v2\/users\/1"}],"replies":[{"embeddable":true,"href":"https:\/\/weld-pol.com.pl\/index.php?rest_route=%2Fwp%2Fv2%2Fcomments&post=15"}],"version-history":[{"count":32,"href":"https:\/\/weld-pol.com.pl\/index.php?rest_route=\/wp\/v2\/pages\/15\/revisions"}],"predecessor-version":[{"id":470,"href":"https:\/\/weld-pol.com.pl\/index.php?rest_route=\/wp\/v2\/pages\/15\/revisions\/470"}],"wp:attachment":[{"href":"https:\/\/weld-pol.com.pl\/index.php?rest_route=%2Fwp%2Fv2%2Fmedia&parent=15"}],"curies":[{"name":"wp","href":"https:\/\/api.w.org\/{rel}","templated":true}]}}